{"id":2529,"date":"2023-02-05T14:57:34","date_gmt":"2023-02-05T13:57:34","guid":{"rendered":"https:\/\/skyracedelmammut.eu\/webapp\/?page_id=2529"},"modified":"2023-04-16T20:28:05","modified_gmt":"2023-04-16T18:28:05","slug":"passeggiata-del-mammut-2023","status":"publish","type":"page","link":"https:\/\/skyracedelmammut.eu\/webapp\/passeggiata-del-mammut-2023\/","title":{"rendered":"Passeggiata del Mammut 2023"},"content":{"rendered":"\n<figure class=\"wp-block-image size-full\"><a href=\"http:\/\/skyracedelmammut.eu\/webapp\/wp-content\/uploads\/2022\/04\/ragazziPietraTonna2.jpg\"><img loading=\"lazy\" width=\"589\" height=\"383\" src=\"http:\/\/skyracedelmammut.eu\/webapp\/wp-content\/uploads\/2022\/04\/ragazziPietraTonna2.jpg\" alt=\"\" class=\"wp-image-2221\" srcset=\"https:\/\/skyracedelmammut.eu\/webapp\/wp-content\/uploads\/2022\/04\/ragazziPietraTonna2.jpg 589w, https:\/\/skyracedelmammut.eu\/webapp\/wp-content\/uploads\/2022\/04\/ragazziPietraTonna2-300x195.jpg 300w\" sizes=\"(max-width: 589px) 100vw, 589px\" \/><\/a><\/figure>\n\n\n\n<p>Incontra e supporta gli atleti direttamente sul percorso di gara.<\/p>\n\n\n\n<p>La Passeggiata del Mammut \u00e8 una camminata per tutti che copre parte dei sentieri bassi attraversati dalla Skyrace e dal Trail del Mammut.<\/p>\n\n\n\n<p>Il percorso si aprir\u00e0 dal Circolo Ricreativo di Sant&#8217;Anna e, dopo un brevissimo tratto di asfalto, prender\u00e0 quota dai sentieri dietro la Chiesa di San Giovanni Battista. Seguir\u00e0 un tratto panoramico di cammino in quota verso ovest fino al raggiungimento della Pietra Tonna. Da qui, si risalir\u00e0 verso nord lungo un piccolo avvallamento sino ad incrociare i percorsi di gara all&#8217;altezza della postazione &#8220;Le Cozzette&#8221; (14) per poi piegare verso est seguendo il tracciato di gara fino alla Croce di Cese (postazione &#8220;Pianoena&#8221; 15). Da questa prospettiva si avr\u00e0 un&#8217;ampia visione di gran parte della conca aquilana e dei monti che la circondano. La passeggiata proseguir\u00e0 tornando indietro in direzione ovest: dapprima mantenendosi sostanzialmente in quota, per poi scendere sino al raggiungimento della postazione &#8220;Portella&#8221; (13). Durante il passaggio su questo tratto di sentiero a balcone (ma non esposto!!!)  \u00e8 previsto l&#8217;incrocio con gli atleti che percorreranno lo stesso tragitto in direzione opposta. L&#8217;ultima parte, la passeggiata sar\u00e0 prevalentemente in discesa attraverso un tratto del sentiero 7A (su fondo maggiormente breccioso) in direzione sud fino al raggiungimento della postazione &#8220;Cesavecchia&#8221; (2). Da qui si prosegue su una carrareccia di montagna (parte iniziale del percorso di gara) fino al raggiungimento della <meta http-equiv=\"content-type\" content=\"text\/html; charset=utf-8\">Chiesa di San Giovanni Battista, e quindi del Circolo Ricreativo di Sant&#8217;Anna.<\/p>\n\n\n\n<p>Tempo previsto per la percorrenza: <mark style=\"background-color:#ffffff\" class=\"has-inline-color has-black-color\">3h (circa, con soste)<\/mark><br>Distanza Stimata: 7 km (circa)<br>Dislivelli Stimati: <meta http-equiv=\"content-type\" content=\"text\/html; charset=utf-8\">500 D+ (circa)<br>Quota di Partecipazione: gratuita con iscrizione obbligatoria (limitazione a 50 partecipanti)<br><\/p>\n\n\n\n<p>Il percorso, seppur non impegnativo, si svolge interamente su sentieri di montagna. Anche se non sono previste attrezzature particolari, \u00e8 importante che ogni partecipante sia dotato di adeguate calzature, zainetto con: acqua, un cambio (maglietta, pile\/felpa, giacca anti-vento, k-way) ed un cappello (da sole o anti-vento in base alle condizioni meteo). Anche se non richieste, \u00e8 consigliato l&#8217;uso di bacchette da escursionismo.<br>E&#8217; molto importante inoltre che ogni partecipante abbia una chiara idea del percorso, dei tempi di percorrenza previsti e della propria effettiva attitudine nell&#8217;intraprendete passeggiate su sentieri escursionistici di montagna.<\/p>\n\n\n\n<p><a href=\"https:\/\/skyracedelmammut.eu\/webapp\/iscrizioni-passeggiata-del-mammut-2023\/\" data-type=\"page\" data-id=\"2553\">Iscriviti subito<\/a> alla Passeggiata del Mammut 2023.<\/p>\n\n\n\n<p>Per ulteriori informazioni o chiarimenti, non esitate a contattarci: <a href=\"mailto:skyracedelmammut@gmail.com\"><strong>skyracedelmammut@gmail.com<\/strong><\/a><\/p>\n\n\n\n<p><\/p>\n\n\n\n<p> <\/p>\n","protected":false},"excerpt":{"rendered":"<p>Incontra e supporta gli atleti direttamente sul percorso di gara. La Passeggiata del Mammut \u00e8 una camminata per tutti che copre parte dei sentieri bassi attraversati dalla Skyrace e dal Trail del Mammut. Il percorso si aprir\u00e0 dal Circolo Ricreativo di Sant&#8217;Anna e, dopo un brevissimo tratto di asfalto, prender\u00e0 [&hellip;]<\/p>\n","protected":false},"author":11,"featured_media":2222,"parent":0,"menu_order":0,"comment_status":"closed","ping_status":"closed","template":"","meta":{"ngg_post_thumbnail":0},"_links":{"self":[{"href":"https:\/\/skyracedelmammut.eu\/webapp\/wp-json\/wp\/v2\/pages\/2529"}],"collection":[{"href":"https:\/\/skyracedelmammut.eu\/webapp\/wp-json\/wp\/v2\/pages"}],"about":[{"href":"https:\/\/skyracedelmammut.eu\/webapp\/wp-json\/wp\/v2\/types\/page"}],"author":[{"embeddable":true,"href":"https:\/\/skyracedelmammut.eu\/webapp\/wp-json\/wp\/v2\/users\/11"}],"replies":[{"embeddable":true,"href":"https:\/\/skyracedelmammut.eu\/webapp\/wp-json\/wp\/v2\/comments?post=2529"}],"version-history":[{"count":2,"href":"https:\/\/skyracedelmammut.eu\/webapp\/wp-json\/wp\/v2\/pages\/2529\/revisions"}],"predecessor-version":[{"id":2591,"href":"https:\/\/skyracedelmammut.eu\/webapp\/wp-json\/wp\/v2\/pages\/2529\/revisions\/2591"}],"wp:featuredmedia":[{"embeddable":true,"href":"https:\/\/skyracedelmammut.eu\/webapp\/wp-json\/wp\/v2\/media\/2222"}],"wp:attachment":[{"href":"https:\/\/skyracedelmammut.eu\/webapp\/wp-json\/wp\/v2\/media?parent=2529"}],"curies":[{"name":"wp","href":"https:\/\/api.w.org\/{rel}","templated":true}]}}