{"id":262,"date":"2016-03-07T18:14:01","date_gmt":"2016-03-07T17:14:01","guid":{"rendered":"http:\/\/localhost\/2016\/skyrace2016\/site\/?page_id=262"},"modified":"2022-04-25T12:54:35","modified_gmt":"2022-04-25T10:54:35","slug":"chi-siamo","status":"publish","type":"page","link":"https:\/\/skyracedelmammut.eu\/webapp\/chi-siamo\/","title":{"rendered":"Chi Siamo"},"content":{"rendered":"\n<div class=\"wp-container-69ff2edb90793 wp-block-group\"><div class=\"wp-block-group__inner-container\">\n<div class=\"wp-container-69ff2edb901c6 wp-block-group\"><div class=\"wp-block-group__inner-container\">\n<div class=\"wp-block-columns\">\n<div class=\"wp-block-column\" style=\"flex-basis:100%\">\n<p><strong>Lo Skyrunning<\/strong> \u00e8 una disciplina dell\u2019Alpinismo che ha come caratteristiche il praticare uno sport finalmente lontano dallo stress urbano unito alla bellezza del paesaggio. Sempre pi\u00f9 persone anche nel nostro territorio si affacciano a questa attivit\u00e0. La volont\u00e0 di far conoscere e diffondere la pratica sportiva della corsa in montagna e di valorizzare le molte risorse ambientali e culturali locali tutte da scoprire come la rete sentieristica del gruppo di Monte Calvo ha spinto l&#8217; <strong>ASD Sant&#8217;Anna<\/strong>, in collaborazione con l&#8217;ACA e l\u2019ASBUC di Preturo, al Comune di Scoppito, ad organizzare questa manifestazione sportiva.<\/p>\n<p><\/p>\n<\/div>\n<\/div>\n<\/div><\/div>\n<\/div><\/div>\n\n\n\n<div class=\"wp-block-columns\">\n<div class=\"wp-block-column is-vertically-aligned-center\">\n<div class=\"wp-block-image\"><figure class=\"aligncenter size-full is-resized\"><a href=\"https:\/\/www.facebook.com\/asdsanna\"><img loading=\"lazy\" src=\"https:\/\/skyracedelmammut.eu\/webapp\/wp-content\/uploads\/2022\/04\/logoASD-SantAnna-bianco-bis.png\" alt=\"\" class=\"wp-image-2364\" width=\"450\" height=\"235\" srcset=\"https:\/\/skyracedelmammut.eu\/webapp\/wp-content\/uploads\/2022\/04\/logoASD-SantAnna-bianco-bis.png 840w, https:\/\/skyracedelmammut.eu\/webapp\/wp-content\/uploads\/2022\/04\/logoASD-SantAnna-bianco-bis-300x157.png 300w, https:\/\/skyracedelmammut.eu\/webapp\/wp-content\/uploads\/2022\/04\/logoASD-SantAnna-bianco-bis-768x402.png 768w, https:\/\/skyracedelmammut.eu\/webapp\/wp-content\/uploads\/2022\/04\/logoASD-SantAnna-bianco-bis-600x314.png 600w\" sizes=\"(max-width: 450px) 100vw, 450px\" \/><\/a><\/figure><\/div>\n<\/div>\n\n\n\n<div class=\"wp-block-column is-vertically-aligned-center\">\n<div class=\"wp-block-image\"><figure class=\"aligncenter size-full is-resized\"><a href=\"http:\/\/associazioneculturaleamiterno.it\/webapp\/\"><img loading=\"lazy\" src=\"https:\/\/skyracedelmammut.eu\/webapp\/wp-content\/uploads\/2022\/04\/acaLogo.jpg\" alt=\"\" class=\"wp-image-2363\" width=\"387\" height=\"203\" srcset=\"https:\/\/skyracedelmammut.eu\/webapp\/wp-content\/uploads\/2022\/04\/acaLogo.jpg 839w, https:\/\/skyracedelmammut.eu\/webapp\/wp-content\/uploads\/2022\/04\/acaLogo-300x157.jpg 300w, https:\/\/skyracedelmammut.eu\/webapp\/wp-content\/uploads\/2022\/04\/acaLogo-768x403.jpg 768w, https:\/\/skyracedelmammut.eu\/webapp\/wp-content\/uploads\/2022\/04\/acaLogo-600x315.jpg 600w\" sizes=\"(max-width: 387px) 100vw, 387px\" \/><\/a><\/figure><\/div>\n<\/div>\n\n\n\n<div class=\"wp-block-column is-vertically-aligned-center\">\n<div class=\"wp-block-image\"><figure class=\"aligncenter size-large\"><a href=\"http:\/\/www.asbucpreturo.it\/webapp\/index.php\"><img loading=\"lazy\" width=\"1024\" height=\"135\" src=\"https:\/\/skyracedelmammut.eu\/webapp\/wp-content\/uploads\/2018\/10\/LOGHI-Associazioni-R01-1024x135.jpg\" alt=\"\" class=\"wp-image-1128\" srcset=\"https:\/\/skyracedelmammut.eu\/webapp\/wp-content\/uploads\/2018\/10\/LOGHI-Associazioni-R01-1024x135.jpg 1024w, https:\/\/skyracedelmammut.eu\/webapp\/wp-content\/uploads\/2018\/10\/LOGHI-Associazioni-R01-300x40.jpg 300w, https:\/\/skyracedelmammut.eu\/webapp\/wp-content\/uploads\/2018\/10\/LOGHI-Associazioni-R01-768x101.jpg 768w, https:\/\/skyracedelmammut.eu\/webapp\/wp-content\/uploads\/2018\/10\/LOGHI-Associazioni-R01-600x79.jpg 600w\" sizes=\"(max-width: 1024px) 100vw, 1024px\" \/><\/a><\/figure><\/div>\n<\/div>\n<\/div>\n\n\n\n<p>La ASD S. Anna si costituisce in data 13\/07\/2015. L\u2019associazione \u00e8 subentrata al Circolo Ricreativo S.Anna nella gestione della struttura sportiva ricreativa autocostruita nel 1984 dagli abitanti del paese di Cese.<br>Lo scopo statutario dell\u2019associazione \u00e8 la proposta costante dello sport alle persone di ogni censo et\u00e0 razza appartenenza etnica o religiosa, quale strumento pedagogico ed educativo perseguito attraverso l\u2019organizzazione sportiva dilettantistica a carattere competitivo e non e l\u2019organizzazione dell\u2019attivit\u00e0 didattica, l\u2019avvio, l\u2019aggiornamento ed il perfezionamento nelle discipline sportive.<br>Oltre alla Skyrace del Mammut, la altre principali manifestazioni organizzate dal circolo sono: L\u2019Aquila Street Cup, Beach 4 Summer, S.Anna Calcio-Tennis, S.Anna Tennis Tournament, Raduno 4&#215;4 Sulle Tracce del Mammut.<\/p>\n\n\n\n<div class=\"wp-block-image\"><figure class=\"aligncenter size-full\"><a href=\"https:\/\/skyracedelmammut.eu\/webapp\/wp-content\/uploads\/2022\/04\/ASD-IMMAGINE.png\"><img loading=\"lazy\" width=\"448\" height=\"698\" src=\"https:\/\/skyracedelmammut.eu\/webapp\/wp-content\/uploads\/2022\/04\/ASD-IMMAGINE.png\" alt=\"\" class=\"wp-image-2365\" srcset=\"https:\/\/skyracedelmammut.eu\/webapp\/wp-content\/uploads\/2022\/04\/ASD-IMMAGINE.png 448w, https:\/\/skyracedelmammut.eu\/webapp\/wp-content\/uploads\/2022\/04\/ASD-IMMAGINE-193x300.png 193w\" sizes=\"(max-width: 448px) 100vw, 448px\" \/><\/a><\/figure><\/div>\n\n\n\n<p><strong>Monte Calvo<\/strong>, per chi non lo conoscesse, si trova nel settore NordOvest del territorio aquilano. Dalla sua cima (circa 2000 m) si ammira un panorama mozzafiato sull\u2019appennino centrale. ll tracciato del percorso \u00e8 stato disegnato da un campione locale di questa disciplina, Alessandro Novaria<\/p>\n\n\n\n<div class=\"wp-block-image\"><figure class=\"aligncenter size-large\"><a href=\"https:\/\/skyracedelmammut.eu\/webapp\/wp-content\/uploads\/2018\/10\/Panorama-Calvo-01.jpg\"><img loading=\"lazy\" width=\"1024\" height=\"192\" src=\"https:\/\/skyracedelmammut.eu\/webapp\/wp-content\/uploads\/2018\/10\/Panorama-Calvo-01-1024x192.jpg\" alt=\"\" class=\"wp-image-1129\" srcset=\"https:\/\/skyracedelmammut.eu\/webapp\/wp-content\/uploads\/2018\/10\/Panorama-Calvo-01-1024x192.jpg 1024w, https:\/\/skyracedelmammut.eu\/webapp\/wp-content\/uploads\/2018\/10\/Panorama-Calvo-01-300x56.jpg 300w, https:\/\/skyracedelmammut.eu\/webapp\/wp-content\/uploads\/2018\/10\/Panorama-Calvo-01-768x144.jpg 768w, https:\/\/skyracedelmammut.eu\/webapp\/wp-content\/uploads\/2018\/10\/Panorama-Calvo-01-600x113.jpg 600w\" sizes=\"(max-width: 1024px) 100vw, 1024px\" \/><\/a><\/figure><\/div>\n","protected":false},"excerpt":{"rendered":"<p>Lo Skyrunning \u00e8 una disciplina dell\u2019Alpinismo che ha come caratteristiche il praticare uno sport finalmente lontano dallo stress urbano unito alla bellezza del paesaggio. Sempre pi\u00f9 persone anche nel nostro territorio si affacciano a questa attivit\u00e0. La volont\u00e0 di far conoscere e diffondere la pratica sportiva della corsa in montagna [&hellip;]<\/p>\n","protected":false},"author":1,"featured_media":0,"parent":0,"menu_order":0,"comment_status":"closed","ping_status":"closed","template":"","meta":{"ngg_post_thumbnail":0},"_links":{"self":[{"href":"https:\/\/skyracedelmammut.eu\/webapp\/wp-json\/wp\/v2\/pages\/262"}],"collection":[{"href":"https:\/\/skyracedelmammut.eu\/webapp\/wp-json\/wp\/v2\/pages"}],"about":[{"href":"https:\/\/skyracedelmammut.eu\/webapp\/wp-json\/wp\/v2\/types\/page"}],"author":[{"embeddable":true,"href":"https:\/\/skyracedelmammut.eu\/webapp\/wp-json\/wp\/v2\/users\/1"}],"replies":[{"embeddable":true,"href":"https:\/\/skyracedelmammut.eu\/webapp\/wp-json\/wp\/v2\/comments?post=262"}],"version-history":[{"count":9,"href":"https:\/\/skyracedelmammut.eu\/webapp\/wp-json\/wp\/v2\/pages\/262\/revisions"}],"predecessor-version":[{"id":2385,"href":"https:\/\/skyracedelmammut.eu\/webapp\/wp-json\/wp\/v2\/pages\/262\/revisions\/2385"}],"wp:attachment":[{"href":"https:\/\/skyracedelmammut.eu\/webapp\/wp-json\/wp\/v2\/media?parent=262"}],"curies":[{"name":"wp","href":"https:\/\/api.w.org\/{rel}","templated":true}]}}